{"id":37,"date":"2015-01-13T03:28:03","date_gmt":"2015-01-13T03:28:03","guid":{"rendered":"http:\/\/newsmartwave.net\/wordpress\/porto\/dummy\/?page_id=37"},"modified":"2015-09-20T14:08:42","modified_gmt":"2015-09-20T07:08:42","slug":"lien-he","status":"publish","type":"page","link":"https:\/\/dev.mypagevn.com\/landmarkplus\/lien-he","title":{"rendered":"Li\u00ean h\u1ec7"},"content":{"rendered":"<div class=\"vc_row wpb_row vc_row-fluid\"><div class=\"vc_column_container vc_col-sm-6\"><div class=\"wpb_wrapper\"><div role=\"form\" class=\"wpcf7\" id=\"wpcf7-f43-o1\" lang=\"en-US\" dir=\"ltr\">\n<div class=\"screen-reader-response\"><\/div>\n<form action=\"\/landmarkplus\/wp-json\/wp\/v2\/pages\/37#wpcf7-f43-o1\" method=\"post\" class=\"wpcf7-form\" novalidate=\"novalidate\">\n<div style=\"display: none;\">\n<input type=\"hidden\" name=\"_wpcf7\" value=\"43\" \/>\n<input type=\"hidden\" name=\"_wpcf7_version\" value=\"4.3\" \/>\n<input type=\"hidden\" name=\"_wpcf7_locale\" value=\"en_US\" \/>\n<input type=\"hidden\" name=\"_wpcf7_unit_tag\" value=\"wpcf7-f43-o1\" \/>\n<input type=\"hidden\" name=\"_wpnonce\" value=\"64c38a0b4d\" \/>\n<\/div>\n<h2 class=\"short\">LI\u00caN H\u1ec6 XEM NH\u00c0 M\u1eaaU<\/h2>\n<div class=\"row\">\n<div class=\"col-md-6\">\n<div class=\"form-group\">\n            <label for=\"contact-name\">T\u00ean b\u1ea1n *<\/label><br \/>\n            <span class=\"wpcf7-form-control-wrap your-name\"><input type=\"text\" name=\"your-name\" value=\"\" size=\"40\" class=\"wpcf7-form-control wpcf7-text wpcf7-validates-as-required form-control\" id=\"contact-name\" aria-required=\"true\" aria-invalid=\"false\" \/><\/span>\n        <\/div><\/div>\n<div class=\"col-md-6\">\n<div class=\"form-group\">\n            <label for=\"contact-phone\">\u0110i\u1ec7n tho\u1ea1i*<\/label><br \/>\n            <span class=\"wpcf7-form-control-wrap your-phone\"><input type=\"text\" name=\"your-phone\" value=\"\" size=\"40\" class=\"wpcf7-form-control wpcf7-text wpcf7-validates-as-required form-control\" id=\"contact-phone\" aria-required=\"true\" aria-invalid=\"false\" \/><\/span>\n        <\/div><\/div>\n<div class=\"col-md-12\">\n<div class=\"form-group\">\n            <input type=\"submit\" value=\"G\u1eedi \u0111i\" class=\"wpcf7-form-control wpcf7-submit btn btn-primary btn-lg\" \/>\n        <\/div><\/div>\n<\/div>\n<div class=\"wpcf7-response-output wpcf7-display-none\"><\/div><\/form><\/div><\/div><\/div><div class=\"vc_column_container vc_col-sm-6\"><div class=\"wpb_wrapper\"><h4 style=\"text-align: left\" class=\"vc_custom_heading heading-primary\">C\u00d4NG TY TNHH C\u00d4NG NGH\u1ec6 MYPAGE<\/h4><div class=\"aio-icon-component   style_1\"><div class=\"aio-icon-box default-icon\" style=\"\"  ><div class=\"aio-icon-default\"><div class=\"ult-just-icon-wrapper \"><div class=\"align-icon\" style=\"text-align:center;\">\n<div class=\"aio-icon circle \"  style=\"color:#ffffff;background:#0088cc;font-size:14px;display:inline-block;\">\n\t<i class=\"Defaults-map-marker\"><\/i>\n<\/div><\/div><\/div><\/div><div class=\"aio-icon-header\"><h3 class=\"aio-icon-title\" style=\"font-size:14px;color:#777777;\"><strong>\u0110\u1ecba ch\u1ec9:<\/strong> 12 L\u00ea Th\u00e1nh T\u00f4n, Ph\u01b0\u1eddng B\u1ebfn Ngh\u00e9, Qu\u1eadn 1, Tp HCM<\/h3><\/div> <!-- header --><\/div> <!-- aio-icon-box --><\/div> <!-- aio-icon-component --><div class=\"aio-icon-component  m-t-n style_1\"><div class=\"aio-icon-box default-icon\" style=\"\"  ><div class=\"aio-icon-default\"><div class=\"ult-just-icon-wrapper \"><div class=\"align-icon\" style=\"text-align:center;\">\n<div class=\"aio-icon circle \"  style=\"color:#ffffff;background:#0088cc;font-size:14px;display:inline-block;\">\n\t<i class=\"Defaults-phone\"><\/i>\n<\/div><\/div><\/div><\/div><div class=\"aio-icon-header\"><h3 class=\"aio-icon-title\" style=\"font-size:14px;color:#777777;\"><strong>\u0110\u1ecba ch\u1ec9:<\/strong> 08 66 828 883 - 0129 878 6789<\/h3><\/div> <!-- header --><\/div> <!-- aio-icon-box --><\/div> <!-- aio-icon-component --><div class=\"aio-icon-component  m-t-n style_1\"><div class=\"aio-icon-box default-icon\" style=\"\"  ><div class=\"aio-icon-default\"><div class=\"ult-just-icon-wrapper \"><div class=\"align-icon\" style=\"text-align:center;\">\n<div class=\"aio-icon circle \"  style=\"color:#ffffff;background:#0088cc;font-size:14px;display:inline-block;\">\n\t<i class=\"Defaults-envelope\"><\/i>\n<\/div><\/div><\/div><\/div><div class=\"aio-icon-header\"><h3 class=\"aio-icon-title\" style=\"font-size:14px;color:#777777;\"><strong>Email:<\/strong> info@mypage.vn<\/h3><\/div> <!-- header --><\/div> <!-- aio-icon-box --><\/div> <!-- aio-icon-component --><div class=\"porto-separator \"><hr class=\"separator-line  align_center\"><\/div><h4 style=\"text-align: left\" class=\"vc_custom_heading heading-primary\">GI\u1edc L\u00c0M VI\u1ec6C<\/h4><div class=\"aio-icon-component   style_1\"><div class=\"aio-icon-box default-icon\" style=\"\"  ><div class=\"aio-icon-default\"><div class=\"ult-just-icon-wrapper \"><div class=\"align-icon\" style=\"text-align:center;\">\n<div class=\"aio-icon none \"  style=\"color:#333;font-size:14px;display:inline-block;\">\n\t<i class=\"Defaults-clock-o\"><\/i>\n<\/div><\/div><\/div><\/div><div class=\"aio-icon-header\"><h3 class=\"aio-icon-title\" style=\"font-size:14px;color:#777777;\">Monday - Friday 9am to 5pm<\/h3><\/div> <!-- header --><\/div> <!-- aio-icon-box --><\/div> <!-- aio-icon-component --><div class=\"aio-icon-component  m-t-n style_1\"><div class=\"aio-icon-box default-icon\" style=\"\"  ><div class=\"aio-icon-default\"><div class=\"ult-just-icon-wrapper \"><div class=\"align-icon\" style=\"text-align:center;\">\n<div class=\"aio-icon none \"  style=\"color:#333;font-size:14px;display:inline-block;\">\n\t<i class=\"Defaults-clock-o\"><\/i>\n<\/div><\/div><\/div><\/div><div class=\"aio-icon-header\"><h3 class=\"aio-icon-title\" style=\"font-size:14px;color:#777777;\">Saturday - 9am to 2pm<\/h3><\/div> <!-- header --><\/div> <!-- aio-icon-box --><\/div> <!-- aio-icon-component --><div class=\"aio-icon-component  m-t-n style_1\"><div class=\"aio-icon-box default-icon\" style=\"\"  ><div class=\"aio-icon-default\"><div class=\"ult-just-icon-wrapper \"><div class=\"align-icon\" style=\"text-align:center;\">\n<div class=\"aio-icon none \"  style=\"color:#333;font-size:14px;display:inline-block;\">\n\t<i class=\"Defaults-clock-o\"><\/i>\n<\/div><\/div><\/div><\/div><div class=\"aio-icon-header\"><h3 class=\"aio-icon-title\" style=\"font-size:14px;color:#777777;\">Sunday - Closed<\/h3><\/div> <!-- header --><\/div> <!-- aio-icon-box --><\/div> <!-- aio-icon-component --><\/div><\/div><\/div>\n","protected":false},"excerpt":{"rendered":"LI\u00caN H\u1ec6 XEM NH\u00c0 M\u1eaaU T\u00ean b\u1ea1n * \u0110i\u1ec7n tho\u1ea1i* C\u00d4NG TY TNHH C\u00d4NG NGH\u1ec6 MYPAGE \u0110\u1ecba ch\u1ec9: 12 L\u00ea Th\u00e1nh T\u00f4n, Ph\u01b0\u1eddng B\u1ebfn Ngh\u00e9, Qu\u1eadn 1, Tp HCM \u0110\u1ecba ch\u1ec9: 08 66 828 883 - 0129 878 6789 Email: info@mypage.vn GI\u1edc L\u00c0M VI\u1ec6C Monday - Friday 9am to 5pm Saturday - 9am to 2pm [...]","protected":false},"author":1,"featured_media":0,"parent":0,"menu_order":0,"comment_status":"open","ping_status":"open","template":"","meta":[],"_links":{"self":[{"href":"https:\/\/dev.mypagevn.com\/landmarkplus\/wp-json\/wp\/v2\/pages\/37"}],"collection":[{"href":"https:\/\/dev.mypagevn.com\/landmarkplus\/wp-json\/wp\/v2\/pages"}],"about":[{"href":"https:\/\/dev.mypagevn.com\/landmarkplus\/wp-json\/wp\/v2\/types\/page"}],"author":[{"embeddable":true,"href":"https:\/\/dev.mypagevn.com\/landmarkplus\/wp-json\/wp\/v2\/users\/1"}],"replies":[{"embeddable":true,"href":"https:\/\/dev.mypagevn.com\/landmarkplus\/wp-json\/wp\/v2\/comments?post=37"}],"version-history":[{"count":2,"href":"https:\/\/dev.mypagevn.com\/landmarkplus\/wp-json\/wp\/v2\/pages\/37\/revisions"}],"predecessor-version":[{"id":3729,"href":"https:\/\/dev.mypagevn.com\/landmarkplus\/wp-json\/wp\/v2\/pages\/37\/revisions\/3729"}],"wp:attachment":[{"href":"https:\/\/dev.mypagevn.com\/landmarkplus\/wp-json\/wp\/v2\/media?parent=37"}],"curies":[{"name":"wp","href":"https:\/\/api.w.org\/{rel}","templated":true}]}}