{"id":2,"date":"2019-04-18T09:04:32","date_gmt":"2019-04-18T02:04:32","guid":{"rendered":"http:\/\/dev.mypagevn.com\/kpfs\/?page_id=2"},"modified":"2019-06-05T15:53:30","modified_gmt":"2019-06-05T08:53:30","slug":"trang-chu","status":"publish","type":"page","link":"https:\/\/dev.mypagevn.com\/kpfs\/","title":{"rendered":"Trang Ch\u1ee7"},"content":{"rendered":"<div class=\"porto-block \"><p>[vc_row el_class=\"wrap_our_product\"][vc_column width=\"2\/3\"][vc_column_text]<\/p>\r\n<h2><strong>S\u1ea3n Ph\u1ea9m c\u1ee7a Ch\u00fang T\u00f4i<\/strong><br \/>\r\nH\u01b0\u01a1ng li\u1ec7u ph\u1ee5 gia th\u1ef1c ph\u1ea9m<\/h2>\r\n<div>\r\n<p>\u201cH\u01b0\u01a1ng\u201d lu\u00f4n l\u00e0 th\u1ee9 \u0111\u1ea7u ti\u00ean gi\u00fap ng\u01b0\u1eddi ta \u1ea5n t\u01b0\u1ee3ng v\u00e0 l\u01b0u gi\u1eef trong ti\u1ec1m th\u1ee9c l\u00e2u nh\u1ea5t.<br \/>\r\nN\u1eafm b\u1eaft \u0111\u01b0\u1ee3c ch\u00eca kh\u00f3a v\u00e0ng n\u00e0y, b\u1ed9 s\u01b0u t\u1eadp h\u01b0\u01a1ng KPFs cung c\u1ea5p v\u00f4 c\u00f9ng \u0111a d\u1ea1ng,<br \/>\r\nth\u1ecfa m\u00e3n \u0111\u00e1p \u1ee9ng nhu c\u1ea7u c\u1ee7a ng\u01b0\u1eddi ti\u00eau d\u00f9ng.<\/div>\r\n<p>[\/vc_column_text][vc_btn title=\"Chi Ti\u1ebft S\u1ea3n Ph\u1ea9m\" style=\"flat\" shape=\"round\" color=\"white\" size=\"lg\" align=\"left\" link=\"url:http%3A%2F%2Fdev.mypagevn.com%2Fkpfs%2Fsan-pham%2F|||\"]<div class=\"porto-products wpb_content_element hide-count\"><div class=\"woocommerce columns-4\"><ul class=\"products grid pcols-lg-4 pcols-md-3 pcols-xs-2 pcols-ls-2 pwidth-lg-4 pwidth-md-3 pwidth-xs-2 pwidth-ls-1\">\r\n<li class=\"product-category product-col \">\r\n\t\r\n    <a href=\"https:\/\/dev.mypagevn.com\/kpfs\/danh-muc\/huong-thuc-uong\/tra\">\r\n        <span class=\"thumb-info thumb-info-hide-wrapper-bg \">\r\n            <span class=\"thumb-info-wrapper\">\r\n                                                    <span class=\"thumb-info-wrap\">\r\n                        <span class=\"thumb-info-title\">\r\n                            <h3 class=\"sub-title thumb-info-inner\">Tr\u00e0<\/h3>\r\n                                                            <span class=\"thumb-info-type\">\r\n                                     <mark class=\"count\">5<\/mark> S\u1ea3n ph\u1ea9m                                <\/span>\r\n                                                        <\/span>\r\n                    <\/span>\r\n                            <\/span>\r\n        <\/span>\r\n    <\/a>\r\n\r\n    \r\n    <\/li>\r\n<li class=\"product-category product-col \">\r\n\t\r\n    <a href=\"https:\/\/dev.mypagevn.com\/kpfs\/danh-muc\/huong-man\/thit-hai-san\">\r\n        <span class=\"thumb-info thumb-info-hide-wrapper-bg \">\r\n            <span class=\"thumb-info-wrapper\">\r\n                                                    <span class=\"thumb-info-wrap\">\r\n                        <span class=\"thumb-info-title\">\r\n                            <h3 class=\"sub-title thumb-info-inner\">Th\u1ecbt, H\u1ea3i s\u1ea3n<\/h3>\r\n                                                            <span class=\"thumb-info-type\">\r\n                                     <mark class=\"count\">4<\/mark> S\u1ea3n ph\u1ea9m                                <\/span>\r\n                                                        <\/span>\r\n                    <\/span>\r\n                            <\/span>\r\n        <\/span>\r\n    <\/a>\r\n\r\n    \r\n    <\/li>\r\n<li class=\"product-category product-col \">\r\n\t\r\n    <a href=\"https:\/\/dev.mypagevn.com\/kpfs\/danh-muc\/huong-man\/snack\">\r\n        <span class=\"thumb-info thumb-info-hide-wrapper-bg \">\r\n            <span class=\"thumb-info-wrapper\">\r\n                                                    <span class=\"thumb-info-wrap\">\r\n                        <span class=\"thumb-info-title\">\r\n                            <h3 class=\"sub-title thumb-info-inner\">Snack<\/h3>\r\n                                                            <span class=\"thumb-info-type\">\r\n                                     <mark class=\"count\">6<\/mark> S\u1ea3n ph\u1ea9m                                <\/span>\r\n                                                        <\/span>\r\n                    <\/span>\r\n                            <\/span>\r\n        <\/span>\r\n    <\/a>\r\n\r\n    \r\n    <\/li>\r\n<li class=\"product-category product-col \">\r\n\t\r\n    <a href=\"https:\/\/dev.mypagevn.com\/kpfs\/danh-muc\/huong-thuc-uong\/nuoc-giai-khat\">\r\n        <span class=\"thumb-info thumb-info-hide-wrapper-bg \">\r\n            <span class=\"thumb-info-wrapper\">\r\n                                                    <span class=\"thumb-info-wrap\">\r\n                        <span class=\"thumb-info-title\">\r\n                            <h3 class=\"sub-title thumb-info-inner\">N\u01b0\u1edbc Gi\u1ea3i Kh\u00e1t<\/h3>\r\n                                                            <span class=\"thumb-info-type\">\r\n                                     <mark class=\"count\">8<\/mark> S\u1ea3n ph\u1ea9m                                <\/span>\r\n                                                        <\/span>\r\n                    <\/span>\r\n                            <\/span>\r\n        <\/span>\r\n    <\/a>\r\n\r\n    \r\n    <\/li><\/ul><\/div><\/div>[\/vc_column][vc_column width=\"1\/3\"][vc_single_image image=\"45\" img_size=\"full\" alignment=\"center\"][\/vc_column][\/vc_row]<\/p>\r\n<\/div><div class=\"porto-block \">[vc_row el_class=\"wrap_aboutus\"][vc_column][vc_custom_heading text=\"<strong>Gi\u1edbi Thi\u1ec7u<\/strong>\r\nCH\u00c0O M\u1eeaNG \u0110\u1ebeN V\u1edaI KPFS\" font_container=\"tag:h2|text_align:center\" use_theme_fonts=\"yes\"][vc_row_inner][vc_column_inner width=\"1\/2\"][vc_column_text]<strong>KPFs \u2013 c\u00f4ng ty chuy\u00ean cung c\u1ea5p h\u01b0\u01a1ng li\u1ec7u cho c\u00e1c ng\u00e0nh ch\u1ebf bi\u1ebfn \u2013 s\u1ea3n xu\u1ea5t l\u01b0\u01a1ng th\u1ef1c th\u1ef1c ph\u1ea9m, h\u00f3a m\u1ef9 ph\u1ea9m, \u2026. H\u00ecnh th\u00e0nh t\u1eeb n\u0103m 2017, KPFs l\u00e0 m\u1ed9t c\u00f4ng ty ho\u00e0n to\u00e0n m\u1edbi nh\u01b0ng \u0111\u01b0\u1ee3c s\u00e1ng l\u1eadp v\u00e0 ph\u00e1t tri\u1ec3n b\u1edfi c\u00e1c chuy\u00ean gia c\u00f3 kinh nghi\u1ec7m nhi\u1ec1u n\u0103m trong ng\u00e0nh<\/strong>\r\n<div>\r\n\r\nV\u00ec KPFs m\u1edbi \u0111\u01b0\u1ee3c h\u00ecnh th\u00e0nh n\u00ean vi\u1ec7c g\u1eb7p kh\u00f3 kh\u0103n trong vi\u1ec7c ti\u1ebfp c\u1eadn th\u1ecb tr\u01b0\u1eddng l\u00e0 \u0111i\u1ec1u kh\u00f3 tr\u00e1nh kh\u1ecfi nh\u01b0ng v\u1edbi s\u1ef1 c\u1ed1 g\u1eafng t\u1eeb ng\u01b0\u1eddi l\u00e3nh \u0111\u1ea1o v\u00e0 \u0111\u1ed9i ng\u0169 nh\u00e2n vi\u00ean nhi\u1ec1u kinh nghi\u1ec7m, \u0111\u1ebfn nay KPFs \u0111\u00e3 \u0111i v\u00e0o ho\u1ea1t \u0111\u1ed9ng \u1ed5n \u0111\u1ecbnh v\u00e0 \u0111ang d\u1ea7n ph\u00e1t tri\u1ec3n.\r\n\r\nV\u1edbi mong mu\u1ed1n ph\u00e1t tri\u1ec3n v\u00e0 t\u1ea1o d\u1ef1ng gi\u00e1 tr\u1ecb c\u1ed1t l\u00f5i ri\u00eang cho m\u00ecnh ch\u00fang t\u00f4i \u0111em \u0111\u1ebfn cho kh\u00e1ch h\u00e0ng y\u1ebfu t\u1ed1 3 nh\u1ea5t: CH\u1ea4T L\u01af\u1ee2NG V\u00c0 KH\u00c1C BI\u1ec6T NH\u1ea4T \u2013 M\u1ee8C GI\u00c1 C\u1ea0NH TRANH T\u1ed0T NH\u1ea4T \u2013 \u0110\u00c1P \u1ee8NG NHU C\u1ea6U NHANH NH\u1ea4T.\r\n\r\n<\/div>\r\n[\/vc_column_text][\/vc_column_inner][vc_column_inner width=\"1\/2\"][vc_single_image image=\"50\" img_size=\"full\" alignment=\"center\" onclick=\"custom_link\" img_link_target=\"_blank\" link=\"https:\/\/www.youtube.com\/watch?v=Rhvklx7un9w\"][\/vc_column_inner][\/vc_row_inner][\/vc_column][\/vc_row]<\/div><style type=\"text\/css\">.vc_custom_1556103981512{background-image: url(http:\/\/dev.mypagevn.com\/kpfs\/wp-content\/uploads\/2019\/04\/services-bg.jpg?id=53) !important;}<\/style><div class=\"porto-block \">[vc_row full_width=\"stretch_row\" el_class=\"wrap_services\" css=\".vc_custom_1556103981512{background-image: url(http:\/\/dev.mypagevn.com\/kpfs\/wp-content\/uploads\/2019\/04\/services-bg.jpg?id=53) !important;}\"][vc_column width=\"1\/2\"][vc_single_image image=\"52\" img_size=\"full\" alignment=\"right\"][\/vc_column][vc_column width=\"1\/2\"][vc_column_text]\r\n<h2>D\u1ecaCH V\u1ee4<\/h2>\r\nCh\u00fang t\u00f4i\u00a0lu\u00f4n \u0111\u01b0\u1ee3c \u0111\u1ed1i t\u00e1c trong v\u00e0 ngo\u00e0i n\u01b0\u1edbc \u0111\u00e1nh gi\u00e1 l\u00e0\u00a0<strong><em>\u201cNh\u00e0 cung c\u1ea5p uy t\u00edn \u2013 \u0111\u1ed1i t\u00e1c tin c\u1eady\u201d<\/em><\/strong>\u00a0c\u00f3 ch\u1ea5t l\u01b0\u1ee3ng d\u1ecbch v\u1ee5, ph\u1ee5c v\u1ee5 chuy\u00ean nghi\u1ec7p trong l\u0129nh v\u1ef1c\u00a0ph\u00e2n ph\u1ed1i c\u00e1c s\u1ea3n ph\u1ea9m h\u01b0\u01a1ng li\u1ec7u cao c\u1ea5p, ch\u1ea5t ph\u1ee5 gia th\u1ef1c ph\u1ea9m, m\u00e0u th\u1ef1c ph\u1ea9m, m\u00e0u c\u00f4ng nghi\u1ec7p, ch\u1ea5t \u0111i\u1ec1u v\u1ecb\u2026tr\u00ean th\u1ecb tr\u01b0\u1eddng to\u00e0n qu\u1ed1c.[\/vc_column_text][vc_btn title=\"Chi Ti\u1ebft D\u1ecbch V\u1ee5\" style=\"flat\" shape=\"round\" color=\"white\" size=\"lg\" align=\"left\" i_align=\"right\" i_icon_fontawesome=\"fa fa-long-arrow-right\" add_icon=\"true\" link=\"url:http%3A%2F%2Fdev.mypagevn.com%2Fkpfs%2Fdich-vu%2F|||\"][\/vc_column][\/vc_row]<\/div><style type=\"text\/css\">.vc_custom_1556181160320{background-image: url(http:\/\/dev.mypagevn.com\/kpfs\/wp-content\/uploads\/2019\/04\/mission-img-1.jpg?id=58) !important;}.vc_custom_1556181185080{background-image: url(http:\/\/dev.mypagevn.com\/kpfs\/wp-content\/uploads\/2019\/04\/mission-img-2.jpg?id=59) !important;}<\/style><div class=\"porto-block \">[vc_row full_width=\"stretch_row_content_no_spaces\" el_class=\"wrap_mission\"][vc_column width=\"1\/2\" css=\".vc_custom_1556181160320{background-image: url(http:\/\/dev.mypagevn.com\/kpfs\/wp-content\/uploads\/2019\/04\/mission-img-1.jpg?id=58) !important;}\"][vc_column_text]\r\n<h2>UY T\u00cdN V\u00c0 CH\u1ea4T L\u01af\u1ee2NG<\/h2>\r\n<strong><em>\"V\u1edbi ti\u00eau ch\u00ed ch\u1ea5t l\u01b0\u1ee3ng s\u1ea3n ph\u1ea9m v\u00e0 gi\u00e1 th\u00e0nh c\u1ea1nh tranh\"<\/em><\/strong>\r\n\r\nL\u00e0 doanh nghi\u1ec7p h\u00e0ng \u0111\u1ea7u trong ng\u00e0nh c\u00f4ng nghi\u1ec7p h\u01b0\u01a1ng li\u1ec7u th\u1ef1c ph\u1ea9m, ch\u00fang t\u00f4i lu\u00f4n quan h\u1ee3p t\u00e1c v\u1edbi \u0111\u1ed1i t\u00e1c, kh\u00e1ch h\u00e0ng t\u1eadn t\u00e2m nh\u1ea5t.\u00a0i mong mu\u1ed1n ph\u00e1t tri\u1ec3n v\u00e0 t\u1ea1o d\u1ef1ng gi\u00e1 tr\u1ecb c\u1ed1t l\u00f5i ri\u00eang cho m\u00ecnh ch\u00fang t\u00f4i \u0111em \u0111\u1ebfn cho kh\u00e1ch h\u00e0ng y\u1ebfu t\u1ed1 3 nh\u1ea5t: CH\u1ea4T L\u01af\u1ee2NG V\u00c0 KH\u00c1C BI\u1ec6T NH\u1ea4T \u2013 M\u1ee8C GI\u00c1 C\u1ea0NH TRANH T\u1ed0T NH\u1ea4T \u2013 \u0110\u00c1P \u1ee8NG NHU C\u1ea6U NHANH NH\u1ea4T.[\/vc_column_text][vc_btn title=\"XEM CHI TI\u1ebeT\" style=\"flat\" shape=\"round\" color=\"white\" size=\"lg\" align=\"center\" i_align=\"right\" i_icon_fontawesome=\"fa fa-long-arrow-right\" add_icon=\"true\" link=\"url:http%3A%2F%2Fdev.mypagevn.com%2Fkpfs%2Fblog%2F|||\"][\/vc_column][vc_column width=\"1\/2\" css=\".vc_custom_1556181185080{background-image: url(http:\/\/dev.mypagevn.com\/kpfs\/wp-content\/uploads\/2019\/04\/mission-img-2.jpg?id=59) !important;}\"]<div id=\"porto-icon-203100420669e7387d6ecc3\" class=\"porto-just-icon-wrapper play_video \"><div class=\"align-icon\" style=\"text-align:center;\">\n<div class=\"porto-icon none \"  style=\"color:#ffffff;font-size:40px;display:inline-block;\">\n\t<i class=\"fa fa-play\"><\/i>\n<\/div><\/div><\/div>[vc_custom_heading text=\"VIDEO V\u1ec0 S\u1ea2N PH\u1ea8M KPFS\" font_container=\"tag:h2|text_align:center\" use_theme_fonts=\"yes\"]<div class=\"porto-modal-input-wrapper \"><script type=\"text\/javascript\">\r\n    (function($){\r\n        $(document).ready(function(){\r\n            var selector = \".play_video\";\r\n            $(selector).addClass(\"porto-modal-trigger\");\r\n            $(selector).attr(\"data-trigger-id\", \"https:\/\/www.youtube.com\/watch?v=RZ0_N2QlSiI\");\r\n            $(selector).attr(\"data-type\", \"iframe\");\r\n            $(selector).attr(\"data-overlay-class\", \"mfp-fade\");\r\n        });\r\n    })(jQuery);\r\n    <\/script><\/div><div id=\"https:\/\/www.youtube.com\/watch?v=RZ0_N2QlSiI\" class=\"mfp-hide \"><div class=\"porto-modal-content\"><\/div><\/div>[\/vc_column][\/vc_row]<\/div><style type=\"text\/css\">.vc_custom_1556246330186{background-image: url(http:\/\/dev.mypagevn.com\/kpfs\/wp-content\/uploads\/2019\/04\/blog-bg.jpg?id=63) !important;}<\/style><div class=\"porto-block \">[vc_row full_width=\"stretch_row\" css=\".vc_custom_1556246330186{background-image: url(http:\/\/dev.mypagevn.com\/kpfs\/wp-content\/uploads\/2019\/04\/blog-bg.jpg?id=63) !important;}\" el_class=\"wrap_blog\"][vc_column][vc_column_text]\r\n<h2>B\u00c0I VI\u1ebeT<\/h2>\r\n[\/vc_column_text]<div class=\"porto-recent-posts wpb_content_element \">    <div class=\"row\">\r\n        <div class=\"post-carousel porto-carousel owl-carousel\" data-plugin-options=\"{&quot;themeConfig&quot;:true,&quot;lg&quot;:5,&quot;md&quot;:3,&quot;sm&quot;:2}\">\r\n            <div class=\"post-slide\"><div class=\"post-item\">\r\n    <a href=\"https:\/\/dev.mypagevn.com\/kpfs\/the-bedding-was-hardly-able-to-cover-it-and-seemed.html\"> <span class=\"post-image thumb-info thumb-info-hide-wrapper-bg m-b-md\"> <span class=\"thumb-info-wrapper\"> <img class=\"img-responsive\" width=\"360\" height=\"240\" src=\"https:\/\/dev.mypagevn.com\/kpfs\/wp-content\/uploads\/2019\/04\/mission-img-1-360x240.jpg\" alt=\"mission-img-1\" \/>\r\n    <span class=\"zoom\" data-src=\"https:\/\/dev.mypagevn.com\/kpfs\/wp-content\/uploads\/2019\/04\/mission-img-1.jpg\" data-title=\"\"><i class=\"fa fa-search\"><\/i><\/span>\r\n    <\/span> <\/span> <\/a>\r\n    <div class=\"post-date\">\r\n            <span class=\"day\">25<\/span>\r\n        <span class=\"month\">Th4<\/span>\r\n          <\/div>\r\n    <h4><a href=\"https:\/\/dev.mypagevn.com\/kpfs\/the-bedding-was-hardly-able-to-cover-it-and-seemed.html\">\r\n    C\u00f4ng ty h\u01b0\u01a1ng li\u1ec7u th\u1ef1c ph\u1ea9m KPFS    <\/a><\/h4>\r\n    <p class=\"post-excerpt\">V\u1edbi m\u1ee5c ti\u00eau tr\u1edf th\u00e0nh ng\u01b0\u1eddi b\u1ea1n \u0111\u1ed3ng h\u00e0nh \u0111\u00e1ng tinh c\u1eady v\u1edbi c\u00e1c nh\u00e0 s\u1ea3n xu\u1ea5t th\u1ef1c ph\u1ea9m...  <a class=\"read-more\" href=\"https:\/\/dev.mypagevn.com\/kpfs\/the-bedding-was-hardly-able-to-cover-it-and-seemed.html\">read more <i class=\"fa fa-angle-right\"><\/i><\/a><\/p> <\/div>\r\n<\/div><div class=\"post-slide\"><div class=\"post-item\">\r\n    <a href=\"https:\/\/dev.mypagevn.com\/kpfs\/a-wonderful-serenity-has-taken-possession-of-my-entire-soul.html\"> <span class=\"post-image thumb-info thumb-info-hide-wrapper-bg m-b-md\"> <span class=\"thumb-info-wrapper\"> <img class=\"img-responsive\" width=\"360\" height=\"240\" src=\"https:\/\/dev.mypagevn.com\/kpfs\/wp-content\/uploads\/2019\/04\/sweet-flavors-360x240.jpg\" alt=\"sweet-flavors\" \/>\r\n    <span class=\"zoom\" data-src=\"https:\/\/dev.mypagevn.com\/kpfs\/wp-content\/uploads\/2019\/04\/sweet-flavors.jpg\" data-title=\"\"><i class=\"fa fa-search\"><\/i><\/span>\r\n    <\/span> <\/span> <\/a>\r\n    <div class=\"post-date\">\r\n            <span class=\"day\">25<\/span>\r\n        <span class=\"month\">Th4<\/span>\r\n          <\/div>\r\n    <h4><a href=\"https:\/\/dev.mypagevn.com\/kpfs\/a-wonderful-serenity-has-taken-possession-of-my-entire-soul.html\">\r\n    H\u01b0\u01a1ng li\u1ec7u th\u1ef1c ph\u1ea9m d\u1ea1ng l\u1ecfng, b\u1ed9t &#8211; N\u00ean s\u1eed d\u1ee5ng lo\u1ea1i n\u00e0o?    <\/a><\/h4>\r\n    <p class=\"post-excerpt\">H\u01b0\u01a1ng li\u1ec7u th\u1ef1c ph\u1ea9m \u0111\u00f3ng m\u1ed9t vai tr\u00f2 h\u1ebft s\u1ee9c quan tr\u1ecdng t\u0103ng m\u1ef9 v\u1ecb cho nh\u1eefng m\u00f3n \u0103n...  <a class=\"read-more\" href=\"https:\/\/dev.mypagevn.com\/kpfs\/a-wonderful-serenity-has-taken-possession-of-my-entire-soul.html\">read more <i class=\"fa fa-angle-right\"><\/i><\/a><\/p> <\/div>\r\n<\/div><div class=\"post-slide\"><div class=\"post-item\">\r\n    <a href=\"https:\/\/dev.mypagevn.com\/kpfs\/the-big-oxmox-advised-her-not-to-do-so-because-there-were-thousands.html\"> <span class=\"post-image thumb-info thumb-info-hide-wrapper-bg m-b-md\"> <span class=\"thumb-info-wrapper\"> <img class=\"img-responsive\" width=\"360\" height=\"240\" src=\"https:\/\/dev.mypagevn.com\/kpfs\/wp-content\/uploads\/2019\/04\/savory-flavors-360x240.jpg\" alt=\"savory-flavors\" \/>\r\n    <span class=\"zoom\" data-src=\"https:\/\/dev.mypagevn.com\/kpfs\/wp-content\/uploads\/2019\/04\/savory-flavors.jpg\" data-title=\"\"><i class=\"fa fa-search\"><\/i><\/span>\r\n    <\/span> <\/span> <\/a>\r\n    <div class=\"post-date\">\r\n            <span class=\"day\">25<\/span>\r\n        <span class=\"month\">Th4<\/span>\r\n          <\/div>\r\n    <h4><a href=\"https:\/\/dev.mypagevn.com\/kpfs\/the-big-oxmox-advised-her-not-to-do-so-because-there-were-thousands.html\">\r\n    5 h\u01b0\u01a1ng li\u1ec7u l\u00e0m b\u00e1nh \u0111\u01b0\u1ee3c y\u00eau th\u00edch nh\u1ea5t    <\/a><\/h4>\r\n    <p class=\"post-excerpt\">H\u01b0\u01a1ng li\u1ec7u l\u00e0m b\u00e1nh l\u00e0 m\u1ed9t s\u1ea3n ph\u1ea9m kh\u00f4ng th\u1ec3 thi\u1ebfu \u0111\u1ed1i v\u1edbi vi\u1ec7c t\u1ea1o ra nh\u1eefng chi\u1ebfc b\u00e1nh...  <a class=\"read-more\" href=\"https:\/\/dev.mypagevn.com\/kpfs\/the-big-oxmox-advised-her-not-to-do-so-because-there-were-thousands.html\">read more <i class=\"fa fa-angle-right\"><\/i><\/a><\/p> <\/div>\r\n<\/div><div class=\"post-slide\"><div class=\"post-item\">\r\n    <a href=\"https:\/\/dev.mypagevn.com\/kpfs\/separated-they-live-in-bookmarksgrove-right-at-the-coast-of-the-semantics.html\"> <span class=\"post-image thumb-info thumb-info-hide-wrapper-bg m-b-md\"> <span class=\"thumb-info-wrapper\"> <img class=\"img-responsive\" width=\"360\" height=\"240\" src=\"https:\/\/dev.mypagevn.com\/kpfs\/wp-content\/uploads\/2019\/04\/milks-flavors-360x240.jpg\" alt=\"milks-flavors\" \/>\r\n    <span class=\"zoom\" data-src=\"https:\/\/dev.mypagevn.com\/kpfs\/wp-content\/uploads\/2019\/04\/milks-flavors.jpg\" data-title=\"\"><i class=\"fa fa-search\"><\/i><\/span>\r\n    <\/span> <\/span> <\/a>\r\n    <div class=\"post-date\">\r\n            <span class=\"day\">25<\/span>\r\n        <span class=\"month\">Th4<\/span>\r\n          <\/div>\r\n    <h4><a href=\"https:\/\/dev.mypagevn.com\/kpfs\/separated-they-live-in-bookmarksgrove-right-at-the-coast-of-the-semantics.html\">\r\n    T\u00e1c d\u1ee5ng c\u1ee7a c\u00e1c lo\u1ea1i \u0111\u1eadu c\u00f3 s\u1eb5n trong t\u1ee7 nh\u00e0 b\u1ea1n    <\/a><\/h4>\r\n    <p class=\"post-excerpt\">C\u00e1c lo\u1ea1i \u0111\u1eadu s\u1eb5n c\u00f3 nh\u01b0 \u0111\u1eadu xanh, \u0111\u1eadu \u0111en&#8230;th\u1ef1c t\u1ebf \u0111\u00e3 \u0111\u01b0\u1ee3c khoa h\u1ecdc ch\u1ee9ng minh nh\u1eefng c\u00f4ng...  <a class=\"read-more\" href=\"https:\/\/dev.mypagevn.com\/kpfs\/separated-they-live-in-bookmarksgrove-right-at-the-coast-of-the-semantics.html\">read more <i class=\"fa fa-angle-right\"><\/i><\/a><\/p> <\/div>\r\n<\/div><div class=\"post-slide\"><div class=\"post-item\">\r\n    <a href=\"https:\/\/dev.mypagevn.com\/kpfs\/far-far-away-behind-the-word-mountains-far-from-the-countries.html\"> <span class=\"post-image thumb-info thumb-info-hide-wrapper-bg m-b-md\"> <span class=\"thumb-info-wrapper\"> <img class=\"img-responsive\" width=\"259\" height=\"194\" src=\"https:\/\/dev.mypagevn.com\/kpfs\/wp-content\/uploads\/2019\/04\/images.jpg\" alt=\"\" \/>\r\n    <span class=\"zoom\" data-src=\"https:\/\/dev.mypagevn.com\/kpfs\/wp-content\/uploads\/2019\/04\/images.jpg\" data-title=\"\"><i class=\"fa fa-search\"><\/i><\/span>\r\n    <\/span> <\/span> <\/a>\r\n    <div class=\"post-date\">\r\n            <span class=\"day\">18<\/span>\r\n        <span class=\"month\">Th4<\/span>\r\n          <\/div>\r\n    <h4><a href=\"https:\/\/dev.mypagevn.com\/kpfs\/far-far-away-behind-the-word-mountains-far-from-the-countries.html\">\r\n    5 h\u01b0\u01a1ng li\u1ec7u t\u1ed1t cho s\u1ee9c kh\u1ecfe c\u00f3 s\u1eb5n trong b\u1ebfp    <\/a><\/h4>\r\n    <p class=\"post-excerpt\">Ng\u00e0y nay, vi\u1ec7c \u0103n u\u1ed1ng kh\u00f4ng ch\u1ec9 g\u00f3i g\u1ecdn trong vi\u1ec7c \u0103n ngon m\u00e0 c\u00f2n ch\u00fa \u00fd \u0111\u1ebfn s\u1ee9c...  <a class=\"read-more\" href=\"https:\/\/dev.mypagevn.com\/kpfs\/far-far-away-behind-the-word-mountains-far-from-the-countries.html\">read more <i class=\"fa fa-angle-right\"><\/i><\/a><\/p> <\/div>\r\n<\/div>        <\/div>\r\n    <\/div>\r\n    <\/div>[\/vc_column][\/vc_row]<\/div>\n","protected":false},"excerpt":{"rendered":"Ng\u00e0y nay, vi\u1ec7c \u0103n u\u1ed1ng kh\u00f4ng ch\u1ec9 g\u00f3i g\u1ecdn trong vi\u1ec7c \u0103n ngon m\u00e0 c\u00f2n ch\u00fa \u00fd \u0111\u1ebfn s\u1ee9c kh\u1ecfe. Khi th\u1ef1c ph\u1ea9m ch\u1ebf bi\u1ebfn s\u1eb5n v\u1ed1n lu\u00f4n \u0111\u01b0\u1ee3c l\u00e0 l\u1ef1a ch\u1ecdn h\u00e0ng \u0111\u1ea7u cho nh\u1eefng ng\u00e0y b\u1eadn r\u1ed9n hay l\u01b0\u1eddi v\u00e0o b\u1ebfp. Nh\u01b0ng ch\u00fang ta kh\u00f4ng bi\u1ebft \u0111\u01b0\u1ee3c r\u1eb1ng trong th\u1ef1c ph\u1ea9m ch\u1ebf bi\u1ebfn [...]","protected":false},"author":1,"featured_media":0,"parent":0,"menu_order":0,"comment_status":"closed","ping_status":"closed","template":"","meta":[],"_links":{"self":[{"href":"https:\/\/dev.mypagevn.com\/kpfs\/wp-json\/wp\/v2\/pages\/2"}],"collection":[{"href":"https:\/\/dev.mypagevn.com\/kpfs\/wp-json\/wp\/v2\/pages"}],"about":[{"href":"https:\/\/dev.mypagevn.com\/kpfs\/wp-json\/wp\/v2\/types\/page"}],"author":[{"embeddable":true,"href":"https:\/\/dev.mypagevn.com\/kpfs\/wp-json\/wp\/v2\/users\/1"}],"replies":[{"embeddable":true,"href":"https:\/\/dev.mypagevn.com\/kpfs\/wp-json\/wp\/v2\/comments?post=2"}],"version-history":[{"count":9,"href":"https:\/\/dev.mypagevn.com\/kpfs\/wp-json\/wp\/v2\/pages\/2\/revisions"}],"predecessor-version":[{"id":123,"href":"https:\/\/dev.mypagevn.com\/kpfs\/wp-json\/wp\/v2\/pages\/2\/revisions\/123"}],"wp:attachment":[{"href":"https:\/\/dev.mypagevn.com\/kpfs\/wp-json\/wp\/v2\/media?parent=2"}],"curies":[{"name":"wp","href":"https:\/\/api.w.org\/{rel}","templated":true}]}}