{"id":18,"date":"2019-04-22T17:38:03","date_gmt":"2019-04-22T10:38:03","guid":{"rendered":"http:\/\/dev.mypagevn.com\/kpfs\/?page_id=18"},"modified":"2019-06-05T15:54:14","modified_gmt":"2019-06-05T08:54:14","slug":"gioi-thieu","status":"publish","type":"page","link":"https:\/\/dev.mypagevn.com\/kpfs\/gioi-thieu","title":{"rendered":"Gi\u1edbi Thi\u1ec7u"},"content":{"rendered":"<p>[vc_row][vc_column width=&#8221;2\/3&#8243;][vc_column_text]<\/p>\n<div>\n<p>KPFs \u2013 c\u00f4ng ty chuy\u00ean cung c\u1ea5p h\u01b0\u01a1ng li\u1ec7u cho c\u00e1c ng\u00e0nh ch\u1ebf bi\u1ebfn \u2013 s\u1ea3n xu\u1ea5t l\u01b0\u01a1ng th\u1ef1c th\u1ef1c ph\u1ea9m, h\u00f3a m\u1ef9 ph\u1ea9m, \u2026. H\u00ecnh th\u00e0nh t\u1eeb n\u0103m 2017, KPFs l\u00e0 m\u1ed9t c\u00f4ng ty ho\u00e0n to\u00e0n m\u1edbi nh\u01b0ng \u0111\u01b0\u1ee3c s\u00e1ng l\u1eadp v\u00e0 ph\u00e1t tri\u1ec3n b\u1edfi c\u00e1c chuy\u00ean gia c\u00f3 kinh nghi\u1ec7m nhi\u1ec1u n\u0103m trong ng\u00e0nh.<\/p>\n<p>V\u00ec KPFs m\u1edbi \u0111\u01b0\u1ee3c h\u00ecnh th\u00e0nh n\u00ean vi\u1ec7c g\u1eb7p kh\u00f3 kh\u0103n trong vi\u1ec7c ti\u1ebfp c\u1eadn th\u1ecb tr\u01b0\u1eddng l\u00e0 \u0111i\u1ec1u kh\u00f3 tr\u00e1nh kh\u1ecfi nh\u01b0ng v\u1edbi s\u1ef1 c\u1ed1 g\u1eafng t\u1eeb ng\u01b0\u1eddi l\u00e3nh \u0111\u1ea1o v\u00e0 \u0111\u1ed9i ng\u0169 nh\u00e2n vi\u00ean nhi\u1ec1u kinh nghi\u1ec7m, \u0111\u1ebfn nay KPFs \u0111\u00e3 \u0111i v\u00e0o ho\u1ea1t \u0111\u1ed9ng \u1ed5n \u0111\u1ecbnh v\u00e0 \u0111ang d\u1ea7n ph\u00e1t tri\u1ec3n.<\/p>\n<p>V\u1edbi mong mu\u1ed1n ph\u00e1t tri\u1ec3n v\u00e0 t\u1ea1o d\u1ef1ng gi\u00e1 tr\u1ecb c\u1ed1t l\u00f5i ri\u00eang cho m\u00ecnh ch\u00fang t\u00f4i \u0111em \u0111\u1ebfn cho kh\u00e1ch h\u00e0ng y\u1ebfu t\u1ed1 3 nh\u1ea5t: CH\u1ea4T L\u01af\u1ee2NG V\u00c0 KH\u00c1C BI\u1ec6T NH\u1ea4T \u2013 M\u1ee8C GI\u00c1 C\u1ea0NH TRANH T\u1ed0T NH\u1ea4T \u2013 \u0110\u00c1P \u1ee8NG NHU C\u1ea6U NHANH NH\u1ea4T.<\/p>\n<p>\u0110\u1ed3ng th\u1eddi v\u1edbi s\u1ef1 nhi\u1ec7t huy\u1ebft v\u00e0 \u0111am m\u00ea, ch\u00fang t\u00f4i mong mu\u1ed1n truy\u1ec1n \u0111\u01b0\u1ee3c c\u1ea3m h\u1ee9ng n\u00e0y \u0111\u1ebfn m\u1ecdi ng\u01b0\u1eddi xung quanh \u0111\u1ec3 c\u00f9ng nhau hi\u1ec3u v\u00e0 ph\u00e1t tri\u1ec3n h\u01a1n ng\u00e0nh h\u01b0\u01a1ng li\u1ec7u t\u1ea1i Vi\u1ec7t Nam.<\/p>\n<\/div>\n<p>[\/vc_column_text][\/vc_column][vc_column width=&#8221;1\/3&#8243;][vc_single_image image=&#8221;58&#8243; img_size=&#8221;full&#8221; label=&#8221;&#8221;][\/vc_column][\/vc_row]<\/p>\n","protected":false},"excerpt":{"rendered":"<p>[vc_row][vc_column width=&#8221;2\/3&#8243;][vc_column_text] KPFs \u2013 c\u00f4ng ty chuy\u00ean cung c\u1ea5p h\u01b0\u01a1ng li\u1ec7u cho c\u00e1c ng\u00e0nh ch\u1ebf bi\u1ebfn \u2013 s\u1ea3n xu\u1ea5t l\u01b0\u01a1ng th\u1ef1c th\u1ef1c ph\u1ea9m, h\u00f3a m\u1ef9 ph\u1ea9m, \u2026. H\u00ecnh th\u00e0nh t\u1eeb n\u0103m 2017, KPFs l\u00e0 m\u1ed9t c\u00f4ng ty ho\u00e0n to\u00e0n m\u1edbi nh\u01b0ng \u0111\u01b0\u1ee3c s\u00e1ng l\u1eadp v\u00e0 ph\u00e1t tri\u1ec3n b\u1edfi c\u00e1c chuy\u00ean gia c\u00f3 kinh nghi\u1ec7m nhi\u1ec1u [&hellip;]<\/p>\n","protected":false},"author":1,"featured_media":0,"parent":0,"menu_order":0,"comment_status":"closed","ping_status":"closed","template":"","meta":[],"_links":{"self":[{"href":"https:\/\/dev.mypagevn.com\/kpfs\/wp-json\/wp\/v2\/pages\/18"}],"collection":[{"href":"https:\/\/dev.mypagevn.com\/kpfs\/wp-json\/wp\/v2\/pages"}],"about":[{"href":"https:\/\/dev.mypagevn.com\/kpfs\/wp-json\/wp\/v2\/types\/page"}],"author":[{"embeddable":true,"href":"https:\/\/dev.mypagevn.com\/kpfs\/wp-json\/wp\/v2\/users\/1"}],"replies":[{"embeddable":true,"href":"https:\/\/dev.mypagevn.com\/kpfs\/wp-json\/wp\/v2\/comments?post=18"}],"version-history":[{"count":7,"href":"https:\/\/dev.mypagevn.com\/kpfs\/wp-json\/wp\/v2\/pages\/18\/revisions"}],"predecessor-version":[{"id":125,"href":"https:\/\/dev.mypagevn.com\/kpfs\/wp-json\/wp\/v2\/pages\/18\/revisions\/125"}],"wp:attachment":[{"href":"https:\/\/dev.mypagevn.com\/kpfs\/wp-json\/wp\/v2\/media?parent=18"}],"curies":[{"name":"wp","href":"https:\/\/api.w.org\/{rel}","templated":true}]}}