{"id":16,"date":"2019-04-22T17:37:48","date_gmt":"2019-04-22T10:37:48","guid":{"rendered":"http:\/\/dev.mypagevn.com\/kpfs\/?page_id=16"},"modified":"2019-06-06T10:06:50","modified_gmt":"2019-06-06T03:06:50","slug":"dich-vu","status":"publish","type":"page","link":"https:\/\/dev.mypagevn.com\/kpfs\/dich-vu","title":{"rendered":"D\u1ecbch V\u1ee5"},"content":{"rendered":"<p>[vc_row][vc_column][vc_column_text]<\/p>\n<h1 style=\"text-align: center;\">QUY TR\u00ccNH D\u1ecaCH V\u1ee4<\/h1>\n<p style=\"text-align: center;\">Ngo\u00e0i nh\u1eefng h\u01b0\u01a1ng li\u1ec7u s\u1eb5n c\u00f3, KPFs c\u00f2n cung c\u1ea5p c\u00e1c lo\u1ea1i h\u01b0\u01a1ng theo y\u00eau c\u1ea7u c\u1ee7a kh\u00e1ch h\u00e0ng v\u1edbi quy tr\u00ecnh c\u1ee5 th\u1ec3 nh\u01b0 sau:<\/p>\n<p>[\/vc_column_text][\/vc_column][\/vc_row][vc_row][vc_column]<div class=\"porto-history wpb_content_element \" data-appear-animation=\"bounce\"><div class=\"thumb\"><img class=\"\" src=\"https:\/\/dev.mypagevn.com\/kpfs\/wp-content\/uploads\/2019\/06\/1-145x145.png\" width=\"145\" height=\"145\" alt=\"1\" title=\"1\" \/><\/div><div class=\"featured-box\"><div class=\"box-content\"><h4 class=\"heading-primary\"><strong>B\u01b0\u1edbc 1: Ti\u1ebfp nh\u1eadn th\u00f4ng tin c\u1ee5 th\u1ec3 v\u00e0 l\u1eafng nghe nhu c\u1ea7u c\u1ee7a kh\u00e1ch h\u00e0ng.<\/strong><\/h4><\/div><\/div><\/div><div class=\"porto-history wpb_content_element \" data-appear-animation=\"bounce\"><div class=\"thumb\"><img class=\"\" src=\"https:\/\/dev.mypagevn.com\/kpfs\/wp-content\/uploads\/2019\/06\/Untitled-2-145x144.png\" width=\"145\" height=\"144\" alt=\"Untitled-2\" title=\"Untitled-2\" \/><\/div><div class=\"featured-box\"><div class=\"box-content\"><h4 class=\"heading-primary\"><strong>B\u01b0\u1edbc 2: \u0110\u00e1nh gi\u00e1, ph\u00e2n t\u00edch chu\u1ea9n x\u00e1c nhu c\u1ea7u c\u1ee7a kh\u00e1ch h\u00e0ng v\u00e0 \u0111\u01b0a ra \u00fd ki\u1ebfn ph\u00f9 h\u1ee3p.<\/strong><\/h4><\/div><\/div><\/div><div class=\"porto-history wpb_content_element \" data-appear-animation=\"bounce\"><div class=\"thumb\"><img class=\"\" src=\"https:\/\/dev.mypagevn.com\/kpfs\/wp-content\/uploads\/2019\/06\/3-145x145.png\" width=\"145\" height=\"145\" alt=\"3\" title=\"3\" \/><\/div><div class=\"featured-box\"><div class=\"box-content\"><h4 class=\"heading-primary\"><strong>B\u01b0\u1edbc 3: Ti\u1ebfn h\u00e0nh ch\u1ecdn l\u1ef1a v\u00e0 x\u00e1c \u0111\u1ecbnh m\u1eabu ph\u00f9 h\u1ee3p nh\u1ea5t v\u1edbi y\u00eau c\u1ea7u c\u1ee7a kh\u00e1ch h\u00e0ng.<\/strong><\/h4><\/div><\/div><\/div><div class=\"porto-history wpb_content_element \" data-appear-animation=\"bounce\"><div class=\"thumb\"><img class=\"\" src=\"https:\/\/dev.mypagevn.com\/kpfs\/wp-content\/uploads\/2019\/06\/4-145x145.png\" width=\"145\" height=\"145\" alt=\"4\" title=\"4\" \/><\/div><div class=\"featured-box\"><div class=\"box-content\"><h4 class=\"heading-primary\"><strong>B\u01b0\u1edbc 4: Ti\u1ebfn h\u00e0nh ki\u1ec3m tra s\u1ef1 t\u01b0\u01a1ng th\u00edch c\u1ee7a m\u1eabu \u0111\u00e3 \u0111\u01b0\u1ee3c ch\u1ecdn trong \u1ee9ng d\u1ee5ng \u0111\u1ed1i v\u1edbi s\u1ea3n ph\u1ea9m c\u1ee7a kh\u00e1ch h\u00e0ng<\/strong><\/h4><\/div><\/div><\/div><div class=\"porto-history wpb_content_element \" data-appear-animation=\"bounce\"><div class=\"thumb\"><img class=\"\" src=\"https:\/\/dev.mypagevn.com\/kpfs\/wp-content\/uploads\/2019\/06\/5-145x145.png\" width=\"145\" height=\"145\" alt=\"5\" title=\"5\" \/><\/div><div class=\"featured-box\"><div class=\"box-content\"><h4 class=\"heading-primary\"><strong>B\u01b0\u1edbc 5:Ti\u1ebfn h\u00e0nh g\u1eedi m\u1eabu, ti\u1ebfp nh\u1eadn ph\u1ea3n h\u1ed3i, \u0111i\u1ec1u ch\u1ec9nh ho\u1eb7c \u0111\u1ed5i m\u1eabu (n\u1ebfu c\u1ea7n). B\u00e1o gi\u00e1 khi c\u00e1c b\u01b0\u1edbc tr\u00ean \u0111\u01b0\u1ee3c ho\u00e0n thi\u1ec7n.<\/strong><\/h4><\/div><\/div><\/div><div class=\"porto-history wpb_content_element \" data-appear-animation=\"bounce\"><div class=\"thumb\"><img class=\"\" src=\"\" width=\"\" height=\"\" alt=\"6\" title=\"6\" \/><\/div><div class=\"featured-box\"><div class=\"box-content\"><h4 class=\"heading-primary\"><strong>B\u01b0\u1edbc 6: X\u00e1c nh\u1eadn \u0111\u1eb7t h\u00e0ng\/ Nh\u1eadn \u0111\u1eb7t c\u1ecdc, \u01b0\u1edbc l\u01b0\u1ee3ng\/th\u1ecfa thu\u1eadn th\u1eddi gian nh\u1eadp kh\u1ea9u h\u00e0ng h\u00f3a.<\/strong><\/h4><\/div><\/div><\/div><div class=\"porto-history wpb_content_element \" data-appear-animation=\"bounce\"><div class=\"thumb\"><img class=\"\" src=\"https:\/\/dev.mypagevn.com\/kpfs\/wp-content\/uploads\/2019\/06\/7-145x145.png\" width=\"145\" height=\"145\" alt=\"7\" title=\"7\" \/><\/div><div class=\"featured-box\"><div class=\"box-content\"><h4 class=\"heading-primary\"><strong>B\u01b0\u1edbc 7: Chu\u1ea9n b\u1ecb h\u00e0ng h\u00f3a v\u00e0 ti\u1ebfn h\u00e0nh giao h\u00e0ng.<\/strong><\/h4><\/div><\/div><\/div>[\/vc_column][\/vc_row]<\/p>\n","protected":false},"excerpt":{"rendered":"<p>[vc_row][vc_column][vc_column_text] QUY TR\u00ccNH D\u1ecaCH V\u1ee4 Ngo\u00e0i nh\u1eefng h\u01b0\u01a1ng li\u1ec7u s\u1eb5n c\u00f3, KPFs c\u00f2n cung c\u1ea5p c\u00e1c lo\u1ea1i h\u01b0\u01a1ng theo y\u00eau c\u1ea7u c\u1ee7a kh\u00e1ch h\u00e0ng v\u1edbi quy tr\u00ecnh c\u1ee5 th\u1ec3 nh\u01b0 sau: [\/vc_column_text][\/vc_column][\/vc_row][vc_row][vc_column][\/vc_column][\/vc_row]<\/p>\n","protected":false},"author":1,"featured_media":0,"parent":0,"menu_order":0,"comment_status":"closed","ping_status":"closed","template":"","meta":[],"_links":{"self":[{"href":"https:\/\/dev.mypagevn.com\/kpfs\/wp-json\/wp\/v2\/pages\/16"}],"collection":[{"href":"https:\/\/dev.mypagevn.com\/kpfs\/wp-json\/wp\/v2\/pages"}],"about":[{"href":"https:\/\/dev.mypagevn.com\/kpfs\/wp-json\/wp\/v2\/types\/page"}],"author":[{"embeddable":true,"href":"https:\/\/dev.mypagevn.com\/kpfs\/wp-json\/wp\/v2\/users\/1"}],"replies":[{"embeddable":true,"href":"https:\/\/dev.mypagevn.com\/kpfs\/wp-json\/wp\/v2\/comments?post=16"}],"version-history":[{"count":18,"href":"https:\/\/dev.mypagevn.com\/kpfs\/wp-json\/wp\/v2\/pages\/16\/revisions"}],"predecessor-version":[{"id":271,"href":"https:\/\/dev.mypagevn.com\/kpfs\/wp-json\/wp\/v2\/pages\/16\/revisions\/271"}],"wp:attachment":[{"href":"https:\/\/dev.mypagevn.com\/kpfs\/wp-json\/wp\/v2\/media?parent=16"}],"curies":[{"name":"wp","href":"https:\/\/api.w.org\/{rel}","templated":true}]}}